{"id":54,"date":"2024-11-14T19:02:00","date_gmt":"2024-11-14T19:02:00","guid":{"rendered":"https:\/\/monsboard.ba\/?page_id=54"},"modified":"2025-01-14T19:14:39","modified_gmt":"2025-01-14T19:14:39","slug":"blog","status":"publish","type":"page","link":"https:\/\/monsboard.ba\/index.php\/blog\/","title":{"rendered":"Blog"},"content":{"rendered":"\t\t<div data-elementor-type=\"wp-page\" data-elementor-id=\"54\" class=\"elementor elementor-54\">\n\t\t\t\t<div class=\"elementor-element elementor-element-f13cfee e-flex e-con-boxed e-con e-parent\" data-id=\"f13cfee\" data-element_type=\"container\" data-settings=\"{&quot;background_background&quot;:&quot;classic&quot;,&quot;shape_divider_bottom&quot;:&quot;mountains&quot;}\">\n\t\t\t\t\t<div class=\"e-con-inner\">\n\t\t\t\t<div class=\"elementor-shape elementor-shape-bottom\" data-negative=\"false\">\n\t\t\t<svg xmlns=\"http:\/\/www.w3.org\/2000\/svg\" viewBox=\"0 0 1000 100\" preserveAspectRatio=\"none\">\n\t<path class=\"elementor-shape-fill\" opacity=\"0.33\" d=\"M473,67.3c-203.9,88.3-263.1-34-320.3,0C66,119.1,0,59.7,0,59.7V0h1000v59.7 c0,0-62.1,26.1-94.9,29.3c-32.8,3.3-62.8-12.3-75.8-22.1C806,49.6,745.3,8.7,694.9,4.7S492.4,59,473,67.3z\"\/>\n\t<path class=\"elementor-shape-fill\" opacity=\"0.66\" d=\"M734,67.3c-45.5,0-77.2-23.2-129.1-39.1c-28.6-8.7-150.3-10.1-254,39.1 s-91.7-34.4-149.2,0C115.7,118.3,0,39.8,0,39.8V0h1000v36.5c0,0-28.2-18.5-92.1-18.5C810.2,18.1,775.7,67.3,734,67.3z\"\/>\n\t<path class=\"elementor-shape-fill\" d=\"M766.1,28.9c-200-57.5-266,65.5-395.1,19.5C242,1.8,242,5.4,184.8,20.6C128,35.8,132.3,44.9,89.9,52.5C28.6,63.7,0,0,0,0 h1000c0,0-9.9,40.9-83.6,48.1S829.6,47,766.1,28.9z\"\/>\n<\/svg>\t\t<\/div>\n\t\t<div class=\"elementor-element elementor-element-d92521f e-con-full e-flex e-con e-child\" data-id=\"d92521f\" data-element_type=\"container\" data-settings=\"{&quot;background_background&quot;:&quot;classic&quot;}\">\n\t\t\t\t<div class=\"elementor-element elementor-element-64833e9 elementor-invisible elementor-widget elementor-widget-heading\" data-id=\"64833e9\" data-element_type=\"widget\" data-settings=\"{&quot;_animation&quot;:&quot;fadeInUp&quot;}\" data-widget_type=\"heading.default\">\n\t\t\t\t<div class=\"elementor-widget-container\">\n\t\t\t<h2 class=\"elementor-heading-title elementor-size-default\">\u010citajte na\u0161 blog<\/h2>\t\t<\/div>\n\t\t\t\t<\/div>\n\t\t\t\t<div class=\"elementor-element elementor-element-9faf464 elementor-widget-divider--view-line elementor-invisible elementor-widget elementor-widget-divider\" data-id=\"9faf464\" data-element_type=\"widget\" data-settings=\"{&quot;_animation&quot;:&quot;fadeInUp&quot;}\" data-widget_type=\"divider.default\">\n\t\t\t\t<div class=\"elementor-widget-container\">\n\t\t\t\t\t<div class=\"elementor-divider\">\n\t\t\t<span class=\"elementor-divider-separator\">\n\t\t\t\t\t\t<\/span>\n\t\t<\/div>\n\t\t\t\t<\/div>\n\t\t\t\t<\/div>\n\t\t\t\t<\/div>\n\t\t\t\t\t<\/div>\n\t\t\t\t<\/div>\n\t\t<div class=\"elementor-element elementor-element-dadaf33 e-flex e-con-boxed e-con e-parent\" data-id=\"dadaf33\" data-element_type=\"container\">\n\t\t\t\t\t<div class=\"e-con-inner\">\n\t\t\t\t<div class=\"elementor-element elementor-element-34b3c5d tpg-wrapper-align-left title_position_default title_hover_border_default title-default img_hover_animation_default readmore-btn-default-style grid-hover-overlay-type-always tpg-el-box-border-enable tpg-border-bottom-disable elementor-widget elementor-widget-tpg-list-layout\" data-id=\"34b3c5d\" data-element_type=\"widget\" data-widget_type=\"tpg-list-layout.default\">\n\t\t\t\t<div class=\"elementor-widget-container\">\n\t\t\t\n        <div class=\"rt-container-fluid rt-tpg-container tpg-el-main-wrapper list-layout1-main \"\n             data-sc-id=\"elementor\"\n             id=\"rt-tpg-container-708041039\"\n             data-layout=\"list-layout1\"\n             data-grid-style=\"tpg-even\"\n             data-el-settings=''\n             data-el-query=''\n             data-el-path=''\n        >\n\t\t\t            <div class='tpg-header-wrapper '>\n\t\t\t\t            <\/div>\n\n            <div data-title=\"Loading ...\" class=\"rt-row rt-content-loader list-layout1 tpg-even list-behaviour list-layout-wrapper\">\n\t\t\t\t\n<div class=\"rt-col-md-12 rt-col-sm-12 rt-col-xs-12 default rt-list-item rt-grid-item\" data-id=\"1101\">\n\t<div class=\"rt-holder tpg-post-holder\">\n\t\t<div class=\"rt-detail rt-el-content-wrapper\">\n\t\t\t\t\t\t\t<div class=\"rt-img-holder tpg-el-image-wrap has-thumbnail\">\n\t\t\t\t\t<a data-id=\"1101\" href=\"https:\/\/monsboard.ba\/index.php\/2025\/01\/03\/zene-i-snowboard\/\" class=\"tpg-post-link\" target=\"_self\">                        <img fetchpriority=\"high\" decoding=\"async\" src=\"https:\/\/monsboard.ba\/wp-content\/uploads\/2024\/12\/IMG_0736-768x576.jpeg\"\n                             class=\"rt-img-responsive\"\n                             width=\"768\"\n                             height=\"576\"\n                             alt=\"\u017dene i snowboard\">\n\t\t\t\t\t\t\n\t\t\t\t\t\t\t\n\t\t<\/a>\n\t\t        <div class=\"overlay grid-hover-content\"><\/div>\n\t\t\t\t\t\t<\/div>\n\t\t\t\n\t\t\t<div class=\"post-right-content\">\n\t\t\t\t<div class=\"entry-title-wrapper\"><h3 class=\"entry-title\"><a data-id=\"1101\" href=\"https:\/\/monsboard.ba\/index.php\/2025\/01\/03\/zene-i-snowboard\/\" class=\"tpg-post-link\" target=\"_self\">\u017dene i snowboard<\/a><\/h3><\/div>\n\t\t\t\t\n\t\t\t\t\t\t\t\t\t<div class=\"tpg-excerpt tpg-el-excerpt\">\n\t\t\t\t\t\t\t\t\t\t\t\t\t<div class=\"tpg-excerpt-inner\">\n\t\t\t\t\t\t\t\t\u00a0Ako pitate bordrerku za\u0161to NE skijama, re\u0107i \u0107e vam, da poslije ovog iskustva, skijanje je dosadno!...\t\t\t\t\t\t\t<\/div>\n\t\t\t\t\t\t\t\t\t\t\t\t\t\t\t\t\t<\/div>\n\t\t\t\t\n\t\t\t\t        <div class=\"post-footer\">\n            <div class=\"post-footer\">\n                <div class=\"read-more\">\n\t\t\t\t\t<a data-id=\"1101\" href=\"https:\/\/monsboard.ba\/index.php\/2025\/01\/03\/zene-i-snowboard\/\" class=\"tpg-post-link\" target=\"_self\">Pro\u010ditaj vi\u0161e<\/a>                <\/div>\n            <\/div>\n        <\/div>\n\t\t\t\t\t<\/div>\n\t\t<\/div>\n\t<\/div>\n<\/div>\n\n<div class=\"rt-col-md-12 rt-col-sm-12 rt-col-xs-12 default rt-list-item rt-grid-item\" data-id=\"143\">\n\t<div class=\"rt-holder tpg-post-holder\">\n\t\t<div class=\"rt-detail rt-el-content-wrapper\">\n\t\t\t\t\t\t\t<div class=\"rt-img-holder tpg-el-image-wrap has-thumbnail\">\n\t\t\t\t\t<a data-id=\"143\" href=\"https:\/\/monsboard.ba\/index.php\/2024\/12\/07\/da-li-je-snowboarding-tesko-savladati\/\" class=\"tpg-post-link\" target=\"_self\">                        <img decoding=\"async\" src=\"https:\/\/monsboard.ba\/wp-content\/uploads\/2024\/12\/male-snowboarder-riding-down-mountain-slope-768x511.jpg\"\n                             class=\"rt-img-responsive\"\n                             width=\"768\"\n                             height=\"511\"\n                             alt=\"Da li je snowboarding te\u0161ko savladati?\">\n\t\t\t\t\t\t\n\t\t\t\t\t\t\t\n\t\t<\/a>\n\t\t        <div class=\"overlay grid-hover-content\"><\/div>\n\t\t\t\t\t\t<\/div>\n\t\t\t\n\t\t\t<div class=\"post-right-content\">\n\t\t\t\t<div class=\"entry-title-wrapper\"><h3 class=\"entry-title\"><a data-id=\"143\" href=\"https:\/\/monsboard.ba\/index.php\/2024\/12\/07\/da-li-je-snowboarding-tesko-savladati\/\" class=\"tpg-post-link\" target=\"_self\">Da li je snowboarding te\u0161ko savladati?<\/a><\/h3><\/div>\n\t\t\t\t\n\t\t\t\t\t\t\t\t\t<div class=\"tpg-excerpt tpg-el-excerpt\">\n\t\t\t\t\t\t\t\t\t\t\t\t\t<div class=\"tpg-excerpt-inner\">\n\t\t\t\t\t\t\t\tIt is a long established fact that a reader will be distracted by the readable content of a page...\t\t\t\t\t\t\t<\/div>\n\t\t\t\t\t\t\t\t\t\t\t\t\t\t\t\t\t<\/div>\n\t\t\t\t\n\t\t\t\t        <div class=\"post-footer\">\n            <div class=\"post-footer\">\n                <div class=\"read-more\">\n\t\t\t\t\t<a data-id=\"143\" href=\"https:\/\/monsboard.ba\/index.php\/2024\/12\/07\/da-li-je-snowboarding-tesko-savladati\/\" class=\"tpg-post-link\" target=\"_self\">Pro\u010ditaj vi\u0161e<\/a>                <\/div>\n            <\/div>\n        <\/div>\n\t\t\t\t\t<\/div>\n\t\t<\/div>\n\t<\/div>\n<\/div>\n\n<div class=\"rt-col-md-12 rt-col-sm-12 rt-col-xs-12 default rt-list-item rt-grid-item\" data-id=\"139\">\n\t<div class=\"rt-holder tpg-post-holder\">\n\t\t<div class=\"rt-detail rt-el-content-wrapper\">\n\t\t\t\t\t\t\t<div class=\"rt-img-holder tpg-el-image-wrap has-thumbnail\">\n\t\t\t\t\t<a data-id=\"139\" href=\"https:\/\/monsboard.ba\/index.php\/2024\/12\/07\/kako-se-osloboditi-straha-na-stazi\/\" class=\"tpg-post-link\" target=\"_self\">                        <img decoding=\"async\" src=\"https:\/\/monsboard.ba\/wp-content\/uploads\/2024\/12\/male-snowboarder-snowboarding-gear-top-mountain-view-horizon-peak-skiing-768x432.jpg\"\n                             class=\"rt-img-responsive\"\n                             width=\"768\"\n                             height=\"432\"\n                             alt=\"Kako se osloboditi straha na stazi?\">\n\t\t\t\t\t\t\n\t\t\t\t\t\t\t\n\t\t<\/a>\n\t\t        <div class=\"overlay grid-hover-content\"><\/div>\n\t\t\t\t\t\t<\/div>\n\t\t\t\n\t\t\t<div class=\"post-right-content\">\n\t\t\t\t<div class=\"entry-title-wrapper\"><h3 class=\"entry-title\"><a data-id=\"139\" href=\"https:\/\/monsboard.ba\/index.php\/2024\/12\/07\/kako-se-osloboditi-straha-na-stazi\/\" class=\"tpg-post-link\" target=\"_self\">Kako se osloboditi straha na stazi?<\/a><\/h3><\/div>\n\t\t\t\t\n\t\t\t\t\t\t\t\t\t<div class=\"tpg-excerpt tpg-el-excerpt\">\n\t\t\t\t\t\t\t\t\t\t\t\t\t<div class=\"tpg-excerpt-inner\">\n\t\t\t\t\t\t\t\t...\t\t\t\t\t\t\t<\/div>\n\t\t\t\t\t\t\t\t\t\t\t\t\t\t\t\t\t<\/div>\n\t\t\t\t\n\t\t\t\t        <div class=\"post-footer\">\n            <div class=\"post-footer\">\n                <div class=\"read-more\">\n\t\t\t\t\t<a data-id=\"139\" href=\"https:\/\/monsboard.ba\/index.php\/2024\/12\/07\/kako-se-osloboditi-straha-na-stazi\/\" class=\"tpg-post-link\" target=\"_self\">Pro\u010ditaj vi\u0161e<\/a>                <\/div>\n            <\/div>\n        <\/div>\n\t\t\t\t\t<\/div>\n\t\t<\/div>\n\t<\/div>\n<\/div>\n            <\/div>\n\n\t\t\t\n        <\/div>\n\t\t\t\t<\/div>\n\t\t\t\t<\/div>\n\t\t\t\t\t<\/div>\n\t\t\t\t<\/div>\n\t\t<div class=\"elementor-element elementor-element-cf0dd41 e-con-full e-flex e-con e-parent\" data-id=\"cf0dd41\" data-element_type=\"container\" data-settings=\"{&quot;background_background&quot;:&quot;classic&quot;}\">\n\t\t\t\t<\/div>\n\t\t\t\t<\/div>\n\t\t","protected":false},"excerpt":{"rendered":"<p>\u010citajte na\u0161 blog \u017dene i snowboard &nbsp;Ako pitate bordrerku za\u0161to NE skijama, re\u0107i \u0107e vam, da poslije ovog iskustva, skijanje je&#8230; Pro\u010ditaj vi\u0161e Da li je snowboarding te\u0161ko savladati? It is a long established fact that a reader will be distracted by the readable content of a page&#8230; Pro\u010ditaj vi\u0161e Kako se osloboditi straha na [&hellip;]<\/p>\n","protected":false},"author":1,"featured_media":0,"parent":0,"menu_order":0,"comment_status":"closed","ping_status":"closed","template":"","meta":{"om_disable_all_campaigns":false,"_monsterinsights_skip_tracking":false,"_monsterinsights_sitenote_active":false,"_monsterinsights_sitenote_note":"","_monsterinsights_sitenote_category":0,"_uf_show_specific_survey":0,"_uf_disable_surveys":false,"ocean_post_layout":"","ocean_both_sidebars_style":"","ocean_both_sidebars_content_width":0,"ocean_both_sidebars_sidebars_width":0,"ocean_sidebar":"","ocean_second_sidebar":"","ocean_disable_margins":"enable","ocean_add_body_class":"","ocean_shortcode_before_top_bar":"","ocean_shortcode_after_top_bar":"","ocean_shortcode_before_header":"","ocean_shortcode_after_header":"","ocean_has_shortcode":"","ocean_shortcode_after_title":"","ocean_shortcode_before_footer_widgets":"","ocean_shortcode_after_footer_widgets":"","ocean_shortcode_before_footer_bottom":"","ocean_shortcode_after_footer_bottom":"","ocean_display_top_bar":"default","ocean_display_header":"default","ocean_header_style":"","ocean_center_header_left_menu":"","ocean_custom_header_template":"","ocean_custom_logo":0,"ocean_custom_retina_logo":0,"ocean_custom_logo_max_width":0,"ocean_custom_logo_tablet_max_width":0,"ocean_custom_logo_mobile_max_width":0,"ocean_custom_logo_max_height":0,"ocean_custom_logo_tablet_max_height":0,"ocean_custom_logo_mobile_max_height":0,"ocean_header_custom_menu":"","ocean_menu_typo_font_family":"","ocean_menu_typo_font_subset":"","ocean_menu_typo_font_size":0,"ocean_menu_typo_font_size_tablet":0,"ocean_menu_typo_font_size_mobile":0,"ocean_menu_typo_font_size_unit":"px","ocean_menu_typo_font_weight":"","ocean_menu_typo_font_weight_tablet":"","ocean_menu_typo_font_weight_mobile":"","ocean_menu_typo_transform":"","ocean_menu_typo_transform_tablet":"","ocean_menu_typo_transform_mobile":"","ocean_menu_typo_line_height":0,"ocean_menu_typo_line_height_tablet":0,"ocean_menu_typo_line_height_mobile":0,"ocean_menu_typo_line_height_unit":"","ocean_menu_typo_spacing":0,"ocean_menu_typo_spacing_tablet":0,"ocean_menu_typo_spacing_mobile":0,"ocean_menu_typo_spacing_unit":"","ocean_menu_link_color":"","ocean_menu_link_color_hover":"","ocean_menu_link_color_active":"","ocean_menu_link_background":"","ocean_menu_link_hover_background":"","ocean_menu_link_active_background":"","ocean_menu_social_links_bg":"","ocean_menu_social_hover_links_bg":"","ocean_menu_social_links_color":"","ocean_menu_social_hover_links_color":"","ocean_disable_title":"on","ocean_disable_heading":"default","ocean_post_title":"","ocean_post_subheading":"","ocean_post_title_style":"","ocean_post_title_background_color":"","ocean_post_title_background":0,"ocean_post_title_bg_image_position":"","ocean_post_title_bg_image_attachment":"","ocean_post_title_bg_image_repeat":"","ocean_post_title_bg_image_size":"","ocean_post_title_height":0,"ocean_post_title_bg_overlay":0.5,"ocean_post_title_bg_overlay_color":"","ocean_disable_breadcrumbs":"default","ocean_breadcrumbs_color":"","ocean_breadcrumbs_separator_color":"","ocean_breadcrumbs_links_color":"","ocean_breadcrumbs_links_hover_color":"","ocean_display_footer_widgets":"default","ocean_display_footer_bottom":"default","ocean_custom_footer_template":"","footnotes":""},"class_list":["post-54","page","type-page","status-publish","hentry","entry","has-media"],"aioseo_notices":[],"yoast_head":"<!-- This site is optimized with the Yoast SEO plugin v23.8 - https:\/\/yoast.com\/wordpress\/plugins\/seo\/ -->\n<title>Blog - Monsboard | Skola Snowboarda Sarajevo | Snowboard School Sarajevo<\/title>\n<meta name=\"robots\" content=\"index, follow, max-snippet:-1, max-image-preview:large, max-video-preview:-1\" \/>\n<link rel=\"canonical\" href=\"https:\/\/monsboard.ba\/index.php\/blog\/\" \/>\n<meta property=\"og:locale\" content=\"en_US\" \/>\n<meta property=\"og:type\" content=\"article\" \/>\n<meta property=\"og:title\" content=\"Blog - Monsboard | Skola Snowboarda Sarajevo | Snowboard School Sarajevo\" \/>\n<meta property=\"og:description\" content=\"\u010citajte na\u0161 blog \u017dene i snowboard &nbsp;Ako pitate bordrerku za\u0161to NE skijama, re\u0107i \u0107e vam, da poslije ovog iskustva, skijanje je&#8230; Pro\u010ditaj vi\u0161e Da li je snowboarding te\u0161ko savladati? It is a long established fact that a reader will be distracted by the readable content of a page&#8230; Pro\u010ditaj vi\u0161e Kako se osloboditi straha na [&hellip;]\" \/>\n<meta property=\"og:url\" content=\"https:\/\/monsboard.ba\/index.php\/blog\/\" \/>\n<meta property=\"og:site_name\" content=\"Monsboard | Skola Snowboarda Sarajevo | Snowboard School Sarajevo\" \/>\n<meta property=\"article:modified_time\" content=\"2025-01-14T19:14:39+00:00\" \/>\n<meta property=\"og:image\" content=\"https:\/\/monsboard.ba\/wp-content\/uploads\/2024\/12\/IMG_0736-768x576.jpeg\" \/>\n<meta name=\"twitter:card\" content=\"summary_large_image\" \/>\n<meta name=\"twitter:label1\" content=\"Est. reading time\" \/>\n\t<meta name=\"twitter:data1\" content=\"1 minute\" \/>\n<script type=\"application\/ld+json\" class=\"yoast-schema-graph\">{\"@context\":\"https:\/\/schema.org\",\"@graph\":[{\"@type\":\"WebPage\",\"@id\":\"https:\/\/monsboard.ba\/index.php\/blog\/\",\"url\":\"https:\/\/monsboard.ba\/index.php\/blog\/\",\"name\":\"Blog - Monsboard | Skola Snowboarda Sarajevo | Snowboard School Sarajevo\",\"isPartOf\":{\"@id\":\"https:\/\/monsboard.ba\/#website\"},\"primaryImageOfPage\":{\"@id\":\"https:\/\/monsboard.ba\/index.php\/blog\/#primaryimage\"},\"image\":{\"@id\":\"https:\/\/monsboard.ba\/index.php\/blog\/#primaryimage\"},\"thumbnailUrl\":\"https:\/\/monsboard.ba\/wp-content\/uploads\/2024\/12\/IMG_0736-768x576.jpeg\",\"datePublished\":\"2024-11-14T19:02:00+00:00\",\"dateModified\":\"2025-01-14T19:14:39+00:00\",\"breadcrumb\":{\"@id\":\"https:\/\/monsboard.ba\/index.php\/blog\/#breadcrumb\"},\"inLanguage\":\"en-US\",\"potentialAction\":[{\"@type\":\"ReadAction\",\"target\":[\"https:\/\/monsboard.ba\/index.php\/blog\/\"]}]},{\"@type\":\"ImageObject\",\"inLanguage\":\"en-US\",\"@id\":\"https:\/\/monsboard.ba\/index.php\/blog\/#primaryimage\",\"url\":\"https:\/\/monsboard.ba\/wp-content\/uploads\/2024\/12\/IMG_0736-768x576.jpeg\",\"contentUrl\":\"https:\/\/monsboard.ba\/wp-content\/uploads\/2024\/12\/IMG_0736-768x576.jpeg\"},{\"@type\":\"BreadcrumbList\",\"@id\":\"https:\/\/monsboard.ba\/index.php\/blog\/#breadcrumb\",\"itemListElement\":[{\"@type\":\"ListItem\",\"position\":1,\"name\":\"Home\",\"item\":\"https:\/\/monsboard.ba\/\"},{\"@type\":\"ListItem\",\"position\":2,\"name\":\"Blog\"}]},{\"@type\":\"WebSite\",\"@id\":\"https:\/\/monsboard.ba\/#website\",\"url\":\"https:\/\/monsboard.ba\/\",\"name\":\"Monsboard | Skola Snowboarda Sarajevo | Snowboard School Sarajevo\",\"description\":\"Savladaj snowboard uz pomo\u0107 licenciranih instruktora\",\"publisher\":{\"@id\":\"https:\/\/monsboard.ba\/#organization\"},\"potentialAction\":[{\"@type\":\"SearchAction\",\"target\":{\"@type\":\"EntryPoint\",\"urlTemplate\":\"https:\/\/monsboard.ba\/?s={search_term_string}\"},\"query-input\":{\"@type\":\"PropertyValueSpecification\",\"valueRequired\":true,\"valueName\":\"search_term_string\"}}],\"inLanguage\":\"en-US\"},{\"@type\":\"Organization\",\"@id\":\"https:\/\/monsboard.ba\/#organization\",\"name\":\"Monsboard | Skola Snowboarda Sarajevo | Snowboard School Sarajevo\",\"url\":\"https:\/\/monsboard.ba\/\",\"logo\":{\"@type\":\"ImageObject\",\"inLanguage\":\"en-US\",\"@id\":\"https:\/\/monsboard.ba\/#\/schema\/logo\/image\/\",\"url\":\"https:\/\/monsboard.ba\/wp-content\/uploads\/2024\/11\/cropped-monsboard-logo-blackbg-1.png\",\"contentUrl\":\"https:\/\/monsboard.ba\/wp-content\/uploads\/2024\/11\/cropped-monsboard-logo-blackbg-1.png\",\"width\":836,\"height\":312,\"caption\":\"Monsboard | Skola Snowboarda Sarajevo | Snowboard School Sarajevo\"},\"image\":{\"@id\":\"https:\/\/monsboard.ba\/#\/schema\/logo\/image\/\"}}]}<\/script>\n<!-- \/ Yoast SEO plugin. -->","yoast_head_json":{"title":"Blog - Monsboard | Skola Snowboarda Sarajevo | Snowboard School Sarajevo","robots":{"index":"index","follow":"follow","max-snippet":"max-snippet:-1","max-image-preview":"max-image-preview:large","max-video-preview":"max-video-preview:-1"},"canonical":"https:\/\/monsboard.ba\/index.php\/blog\/","og_locale":"en_US","og_type":"article","og_title":"Blog - Monsboard | Skola Snowboarda Sarajevo | Snowboard School Sarajevo","og_description":"\u010citajte na\u0161 blog \u017dene i snowboard &nbsp;Ako pitate bordrerku za\u0161to NE skijama, re\u0107i \u0107e vam, da poslije ovog iskustva, skijanje je&#8230; Pro\u010ditaj vi\u0161e Da li je snowboarding te\u0161ko savladati? It is a long established fact that a reader will be distracted by the readable content of a page&#8230; Pro\u010ditaj vi\u0161e Kako se osloboditi straha na [&hellip;]","og_url":"https:\/\/monsboard.ba\/index.php\/blog\/","og_site_name":"Monsboard | Skola Snowboarda Sarajevo | Snowboard School Sarajevo","article_modified_time":"2025-01-14T19:14:39+00:00","og_image":[{"url":"https:\/\/monsboard.ba\/wp-content\/uploads\/2024\/12\/IMG_0736-768x576.jpeg"}],"twitter_card":"summary_large_image","twitter_misc":{"Est. reading time":"1 minute"},"schema":{"@context":"https:\/\/schema.org","@graph":[{"@type":"WebPage","@id":"https:\/\/monsboard.ba\/index.php\/blog\/","url":"https:\/\/monsboard.ba\/index.php\/blog\/","name":"Blog - Monsboard | Skola Snowboarda Sarajevo | Snowboard School Sarajevo","isPartOf":{"@id":"https:\/\/monsboard.ba\/#website"},"primaryImageOfPage":{"@id":"https:\/\/monsboard.ba\/index.php\/blog\/#primaryimage"},"image":{"@id":"https:\/\/monsboard.ba\/index.php\/blog\/#primaryimage"},"thumbnailUrl":"https:\/\/monsboard.ba\/wp-content\/uploads\/2024\/12\/IMG_0736-768x576.jpeg","datePublished":"2024-11-14T19:02:00+00:00","dateModified":"2025-01-14T19:14:39+00:00","breadcrumb":{"@id":"https:\/\/monsboard.ba\/index.php\/blog\/#breadcrumb"},"inLanguage":"en-US","potentialAction":[{"@type":"ReadAction","target":["https:\/\/monsboard.ba\/index.php\/blog\/"]}]},{"@type":"ImageObject","inLanguage":"en-US","@id":"https:\/\/monsboard.ba\/index.php\/blog\/#primaryimage","url":"https:\/\/monsboard.ba\/wp-content\/uploads\/2024\/12\/IMG_0736-768x576.jpeg","contentUrl":"https:\/\/monsboard.ba\/wp-content\/uploads\/2024\/12\/IMG_0736-768x576.jpeg"},{"@type":"BreadcrumbList","@id":"https:\/\/monsboard.ba\/index.php\/blog\/#breadcrumb","itemListElement":[{"@type":"ListItem","position":1,"name":"Home","item":"https:\/\/monsboard.ba\/"},{"@type":"ListItem","position":2,"name":"Blog"}]},{"@type":"WebSite","@id":"https:\/\/monsboard.ba\/#website","url":"https:\/\/monsboard.ba\/","name":"Monsboard | Skola Snowboarda Sarajevo | Snowboard School Sarajevo","description":"Savladaj snowboard uz pomo\u0107 licenciranih instruktora","publisher":{"@id":"https:\/\/monsboard.ba\/#organization"},"potentialAction":[{"@type":"SearchAction","target":{"@type":"EntryPoint","urlTemplate":"https:\/\/monsboard.ba\/?s={search_term_string}"},"query-input":{"@type":"PropertyValueSpecification","valueRequired":true,"valueName":"search_term_string"}}],"inLanguage":"en-US"},{"@type":"Organization","@id":"https:\/\/monsboard.ba\/#organization","name":"Monsboard | Skola Snowboarda Sarajevo | Snowboard School Sarajevo","url":"https:\/\/monsboard.ba\/","logo":{"@type":"ImageObject","inLanguage":"en-US","@id":"https:\/\/monsboard.ba\/#\/schema\/logo\/image\/","url":"https:\/\/monsboard.ba\/wp-content\/uploads\/2024\/11\/cropped-monsboard-logo-blackbg-1.png","contentUrl":"https:\/\/monsboard.ba\/wp-content\/uploads\/2024\/11\/cropped-monsboard-logo-blackbg-1.png","width":836,"height":312,"caption":"Monsboard | Skola Snowboarda Sarajevo | Snowboard School Sarajevo"},"image":{"@id":"https:\/\/monsboard.ba\/#\/schema\/logo\/image\/"}}]}},"rttpg_featured_image_url":null,"rttpg_author":{"display_name":"admin","author_link":"https:\/\/monsboard.ba\/index.php\/author\/monsboard\/"},"rttpg_comment":0,"rttpg_category":"","rttpg_excerpt":"\u010citajte na\u0161 blog \u017dene i snowboard &nbsp;Ako pitate bordrerku za\u0161to NE skijama, re\u0107i \u0107e vam, da poslije ovog iskustva, skijanje je&#8230; Pro\u010ditaj vi\u0161e Da li je snowboarding te\u0161ko savladati? It is a long established fact that a reader will be distracted by the readable content of a page&#8230; Pro\u010ditaj vi\u0161e Kako se osloboditi straha na&hellip;","_links":{"self":[{"href":"https:\/\/monsboard.ba\/index.php\/wp-json\/wp\/v2\/pages\/54","targetHints":{"allow":["GET"]}}],"collection":[{"href":"https:\/\/monsboard.ba\/index.php\/wp-json\/wp\/v2\/pages"}],"about":[{"href":"https:\/\/monsboard.ba\/index.php\/wp-json\/wp\/v2\/types\/page"}],"author":[{"embeddable":true,"href":"https:\/\/monsboard.ba\/index.php\/wp-json\/wp\/v2\/users\/1"}],"replies":[{"embeddable":true,"href":"https:\/\/monsboard.ba\/index.php\/wp-json\/wp\/v2\/comments?post=54"}],"version-history":[{"count":22,"href":"https:\/\/monsboard.ba\/index.php\/wp-json\/wp\/v2\/pages\/54\/revisions"}],"predecessor-version":[{"id":1511,"href":"https:\/\/monsboard.ba\/index.php\/wp-json\/wp\/v2\/pages\/54\/revisions\/1511"}],"wp:attachment":[{"href":"https:\/\/monsboard.ba\/index.php\/wp-json\/wp\/v2\/media?parent=54"}],"curies":[{"name":"wp","href":"https:\/\/api.w.org\/{rel}","templated":true}]}}